{"id":38519,"date":"2018-03-13T20:29:39","date_gmt":"2018-03-13T20:29:39","guid":{"rendered":"https:\/\/www.ideapro.com\/dev\/custombc\/?page_id=899"},"modified":"2024-05-24T13:20:44","modified_gmt":"2024-05-24T20:20:44","slug":"california-proposition-65-warning","status":"publish","type":"page","link":"https:\/\/demo.rtnsolutions.com\/oldcustombatterycable\/california-proposition-65-warning\/","title":{"rendered":"CA Prop 65 warning"},"content":{"rendered":"\n<h2 class=\"wp-block-heading\">&nbsp;<\/h2>\n\n\n\n<h2 class=\"wp-block-heading\"><span style=\"color: #ff0000;\"><strong>PLEASE READ<\/strong><\/span><\/h2>\n\n\n\n<h3 class=\"wp-block-heading\"><strong>CALIFORNIA PROPOSITION 65 WARNING:<\/strong><\/h3>\n\n\n\n<figure class=\"wp-block-table\"><table><tbody><tr><td>\n<p style=\"text-align: center;\">Batteries, battery posts, terminals and related accessories contain lead and lead compounds, and other chemicals known to the state of California to cause cancer and birth defects or other reproductive harm.<\/p>\n<p style=\"text-align: center;\"><strong>WASH HANDS AFTER HANDLING!<\/strong><\/p>\n<p style=\"text-align: center;\"><strong>ALWAYS WEAR SAFETY GLASSES WHEN WORKING AROUND BATTERIES.<\/strong><\/p>\n<p style=\"text-align: center;\"><strong>WARNING: BATTERIES PRODUCE EXPLOSIVE GASES.<\/strong> Always disconnect ground cable first; reconnect last. Keep sparks flames and lighted cigarettes away from batteries.<\/p>\n<p style=\"text-align: center;\"><strong>FOLLOW ALL SAFETY INSTRUCTIONS.<\/strong><\/p>\n<\/td><\/tr><\/tbody><\/table><\/figure>\n\n\n\n<h3 class=\"wp-block-heading\">&nbsp;<\/h3>\n\n\n\n<hr class=\"wp-block-separator\"\/>\n\n\n\n<h3 class=\"wp-block-heading\"><strong>PROPUESTA 65 DE ESTADO CALIFORNIA ADVERTENCIA:<\/strong><\/h3>\n\n\n\n<figure class=\"wp-block-table\"><table><tbody><tr><td>\n<p style=\"text-align: center;\">Las bater\u00edas, los postes de la bater\u00edas, sus terminales y sus accesorios contienen plomo, compuestos&nbsp; de plomo y otros qu\u00edmicos que de acuerdo al<\/p>\n<p style=\"text-align: center;\">Estado de California pueden causar c\u00e1ncer, defectos de nacimiento u otros da\u00f1o en el sistema reproductivo.<\/p>\n<p style=\"text-align: center;\"><strong>\u00a1LAVESE LAS MANOS DE DESPU\u00c9S DE USAR ESTOS PRODUCTOS!<\/strong><\/p>\n<p style=\"text-align: center;\"><strong>USE SIEMPRE GAFAS DE SUGURIDAD CUANDO TRABAJE CERCA DE LAS BATER\u00cdAS.<\/strong><\/p>\n<p style=\"text-align: center;\"><strong>ADVERTENCIA: LAS BATER\u00cdAS PRODUCEN GASES EXPLOSIVO.<\/strong> Siempre desconecte primero el cable de la bater\u00edas a tierra, y vu\u00e9lvalo a conectar al \u00faltimo. Mantenga las bater\u00edas alejadas de chispas, flamas y las cigarrillo encendidos.<\/p>\n<p style=\"text-align: center;\"><strong>SIGA LAS INSTRUCCIONES DE SUGERIDAD.<\/strong><\/p>\n<\/td><\/tr><\/tbody><\/table><\/figure>\n\n\n\n<p>More about Prop 65 here: <a href=\"https:\/\/oehha.ca.gov\/proposition-65\/general-info\/proposition-65-plain-language\" target=\"_blank\" rel=\"noopener noreferrer\">Prop 65 text<\/a>.<\/p>\n","protected":false},"excerpt":{"rendered":"<p>&nbsp; PLEASE READ CALIFORNIA PROPOSITION 65 WARNING: Batteries, battery posts, terminals and related accessories contain lead and lead compounds, and other chemicals known to the state of California to cause cancer and birth defects or other reproductive harm. WASH HANDS AFTER HANDLING! ALWAYS WEAR SAFETY GLASSES WHEN WORKING AROUND BATTERIES. WARNING: BATTERIES PRODUCE EXPLOSIVE GASES. &#8230; <a title=\"CA Prop 65 warning\" class=\"read-more\" href=\"https:\/\/demo.rtnsolutions.com\/oldcustombatterycable\/california-proposition-65-warning\/\" aria-label=\"Read more about CA Prop 65 warning\">Read more<\/a><\/p>\n","protected":false},"author":14,"featured_media":0,"parent":0,"menu_order":0,"comment_status":"closed","ping_status":"closed","template":"","meta":{"inline_featured_image":false,"footnotes":""},"class_list":["post-38519","page","type-page","status-publish"],"_links":{"self":[{"href":"https:\/\/demo.rtnsolutions.com\/oldcustombatterycable\/wp-json\/wp\/v2\/pages\/38519","targetHints":{"allow":["GET"]}}],"collection":[{"href":"https:\/\/demo.rtnsolutions.com\/oldcustombatterycable\/wp-json\/wp\/v2\/pages"}],"about":[{"href":"https:\/\/demo.rtnsolutions.com\/oldcustombatterycable\/wp-json\/wp\/v2\/types\/page"}],"author":[{"embeddable":true,"href":"https:\/\/demo.rtnsolutions.com\/oldcustombatterycable\/wp-json\/wp\/v2\/users\/14"}],"replies":[{"embeddable":true,"href":"https:\/\/demo.rtnsolutions.com\/oldcustombatterycable\/wp-json\/wp\/v2\/comments?post=38519"}],"version-history":[{"count":1,"href":"https:\/\/demo.rtnsolutions.com\/oldcustombatterycable\/wp-json\/wp\/v2\/pages\/38519\/revisions"}],"predecessor-version":[{"id":47147,"href":"https:\/\/demo.rtnsolutions.com\/oldcustombatterycable\/wp-json\/wp\/v2\/pages\/38519\/revisions\/47147"}],"wp:attachment":[{"href":"https:\/\/demo.rtnsolutions.com\/oldcustombatterycable\/wp-json\/wp\/v2\/media?parent=38519"}],"curies":[{"name":"wp","href":"https:\/\/api.w.org\/{rel}","templated":true}]}}